{"id":2,"date":"2022-08-08T07:07:06","date_gmt":"2022-08-08T07:07:06","guid":{"rendered":"http:\/\/mysteryroom.dk\/?page_id=2"},"modified":"2025-10-24T10:40:21","modified_gmt":"2025-10-24T10:40:21","slug":"sample-page","status":"publish","type":"page","link":"https:\/\/mysteryroom.dk\/","title":{"rendered":"Forside"},"content":{"rendered":"<p><img decoding=\"async\" src=\"\/wp-content\/uploads\/2022\/08\/logo_mysteryroom.dk_.png\" alt=\"\"><\/p>\n<h1>\n<h1><span style=\"color: white;font-weight:bold;\">Mystery Room<sup>\u00ae &#8211; <\/sup>escape rooms<\/span><\/h1>\n<\/h1>\n<blockquote>\n<p><span>\u201cEMMER AF OVERSKUD OG SANS FOR DETALJEN\u201d<\/span><\/p>\n<footer>\n<p>                <cite>Berlingske<\/cite><\/p>\n<\/footer>\n<\/blockquote>\n<blockquote>\n<p><span>\u201cGENIALT G\u00c5DERUM\u201d<\/span><\/p>\n<footer>\n<p>                <cite>WEEKENDAVISEN<\/cite><\/p>\n<\/footer>\n<\/blockquote>\n<blockquote>\n<p><span>\u201cUDFORDRENDE OG SP\u00c6NDENDE\u201d<\/span><\/p>\n<footer>\n<p>                <cite>POLITIKEN<\/cite><\/p>\n<\/footer>\n<\/blockquote>\n<ul>\n<li>\n<p>4 \u2013 69 deltagere<\/p>\n<\/li>\n<li>\n<p> 60 min.<\/p>\n<\/li>\n<li>\n<p>K\u00f8benhavn K<\/p>\n<\/li>\n<li>\n<p>Fra 249 DKK p.p.<\/p>\n<\/li>\n<\/ul>\n<div>\n<p><span><strong>En adrenalinfyldt kamp mod tiden<\/strong><\/span><\/p>\n<p><span>Du og dit team bliver l\u00e5st inde i et mystisk rum. I m\u00e5 bruge kommunikation, teamwork og tankekraft for at slippe ud. I har 60 minutter til at l\u00f8se g\u00e5derne og kn\u00e6kke koderne.<\/span><\/p>\n<p><span aria-label=\"\" class=\"c-mrkdwn__br\" data-stringify-type=\"paragraph-break\"><\/span><span>Oplevelsen afrundes med v\u00e6rdifuld feedback fra Gamemasteren, der stiller skarpt p\u00e5 jeres styrker som problemknusere.<\/span><\/p>\n<\/div>\n<div>\n<div class=\"uk-panel uk-margin\" data-id=\"page#2-0-0-1\" data-element=\"\">\n<p><span>Har du ogs\u00e5 brug for en digital detox? Mystery Room er en 100% analog oplevelse, hvor menneskeligt n\u00e6rv\u00e6r er i fokus. Genopdag gl\u00e6den ved en smuk, gammeldags skrivemaskine, og lad telefonerne blive i lommen mens I l\u00f8ser mysterierne omkring jer.<\/span><\/p>\n<\/div>\n<div class=\"uk-panel uk-margin\" data-id=\"page#2-0-0-2\" data-element=\"\">\n<p><span>Mystery Makers skabte det f\u00f8rste skandinaviske<\/span><a href=\"https:\/\/mysterymakers.dk\/om-mystery-room\/the-lab\/\"><span>\u00a0<\/span>escape room<\/a><span>\u00a0i 2014. Vi kalder oplevelsen Mystery Room.<\/span><\/p>\n<\/div>\n<\/div>\n<div>\n<p>        <img decoding=\"async\" src=\"\/wp-content\/uploads\/2024\/04\/lab.jpeg\" alt=\"mystery makers\"><\/p>\n<h3>The Lab\u2122<\/h3>\n<p>ESCAPE RATE: 80%<\/p>\n<div>\n<p>I er testpersoner i et mystisk eksperiment. Kan I l\u00f8se g\u00e5den og vinde friheden tilbage?<br \/>The Lab kan spilles af 27 personer p\u00e5 \u00e9n gang. I bliver inddelt i grupper og k\u00e6mper ikke kun mod tiden, men mod de andre hold.<\/p>\n<p><a href=\"https:\/\/mysterymakers.dk\/om-mystery-room\/the-lab\/#book-thelab\" class=\"el-link uk-button uk-button-primary\">Book nu<\/a> <a href=\"https:\/\/mysterymakers.dk\/om-mystery-room\/the-lab\/\" class=\"el-link uk-button uk-button-default\">L\u00e6s mere<\/a><\/p>\n<\/div>\n<\/div>\n<div>\n<p>        <img decoding=\"async\" src=\"\/wp-content\/uploads\/2024\/04\/rit.jpeg\" alt=\"mystery room\"><\/p>\n<h3>The Ritual\u2122<\/h3>\n<p>ESCAPE RATE: 70%<\/p>\n<div>\n<p>En magtfuld loge har dystre planer. Kan I l\u00f8se mysteriet og stoppe dem f\u00f8r tiden l\u00f8ber ud?<br \/>The Ritual kan spilles af 18 personer p\u00e5 \u00e9n gang. I inddeles i to grupper og k\u00e6mper ikke kun mod tiden, men mod det andet hold.<\/p>\n<p><a href=\"https:\/\/mysterymakers.dk\/om-mystery-room\/the-ritual\/#book-theritual\" class=\"el-link uk-button uk-button-primary\">Book nu<\/a> <a href=\"https:\/\/mysterymakers.dk\/om-mystery-room\/the-ritual\/\" class=\"el-link uk-button uk-button-default\">L\u00e6s mere<\/a><\/p>\n<\/div>\n<\/div>\n<div>\n<p>        <img decoding=\"async\" src=\"\/wp-content\/uploads\/2024\/04\/kill.jpg\" alt=\"mystery room kill\"><\/p>\n<h3>The Crime Scene\u2122<\/h3>\n<p>ESCAPE RATE: 60%<\/p>\n<div>\n<p><span>I er fanget i en mystisk k\u00e6lder. Kan I kn\u00e6kke koden og slippe ud med livet i behold?<\/span><br aria-hidden=\"true\" \/><span>The Crime Scene kan spilles af 14 personer p\u00e5 \u00e9n gang. I bliver inddelt i to grupper og m\u00e5 f\u00f8rst finde hinanden for at undslippe \u2013 sammen.<\/span><\/p>\n<p><a href=\"https:\/\/mysterymakers.dk\/om-mystery-room\/the-killing-room\/#book-thekillingroom\" class=\"el-link uk-button uk-button-primary\">Book nu<\/a> <a href=\"https:\/\/mysterymakers.dk\/om-mystery-room\/the-killing-room\/\" class=\"el-link uk-button uk-button-default\">L\u00e6s mere<\/a><\/p>\n<\/div>\n<\/div>\n<div>\n<p>        <img decoding=\"async\" src=\"\/wp-content\/uploads\/2024\/04\/team.jpeg\" alt=\"teamudvikling\"><\/p>\n<h3>Teamudvikling<\/h3>\n<p>Tilvalg til Mystery Room<\/p>\n<div>\n<p><span>Tager du samarbejde seri\u00f8st? <br \/>Det gode samarbejde er afg\u00f8rende for teamets succes og arbejdsgl\u00e6de.\u00a0Tag jeres\u00a0samarbejde til et nyt\u00a0niveau med en sjov og interaktiv tilgang. En tur i\u00a0Mystery Room er ikke kun en oplevelse fyldt med grin og jubel, men ogs\u00e5 en unik mulighed for at styrke jeres team gennem legende samarbejdstr\u00e6ning.\u00a0<\/p>\n<p><\/span><a href=\"https:\/\/mysterymakers.dk\/teamudvikling\/\" class=\"el-link uk-button uk-button-primary\">L\u00e6s mere<\/a><\/p>\n<\/div>\n<\/div>\n<p><!--more--><br \/>\n<!-- {\"type\":\"layout\",\"children\":[{\"type\":\"section\",\"props\":{\"header_transparent_noplaceholder\":false,\"height\":\"viewport\",\"height_offset_top\":true,\"image\":\"wp-content\\\/uploads\\\/2022\\\/08\\\/slider_mysteryroom.dk_.jpeg\",\"image_position\":\"center-center\",\"image_size\":\"cover\",\"padding_remove_bottom\":false,\"padding_remove_top\":false,\"style\":\"default\",\"title_breakpoint\":\"xl\",\"title_position\":\"top-left\",\"title_rotation\":\"left\",\"vertical_align\":\"middle\",\"width\":\"default\"},\"children\":[{\"type\":\"row\",\"children\":[{\"type\":\"column\",\"props\":{\"image_position\":\"center-center\",\"position_sticky_breakpoint\":\"m\"},\"children\":[{\"type\":\"image\",\"props\":{\"image\":\"wp-content\\\/uploads\\\/2022\\\/08\\\/logo_mysteryroom.dk_.png\",\"image_svg_color\":\"emphasis\",\"margin\":\"default\",\"text_align\":\"center\"}},{\"type\":\"headline\",\"props\":{\"content\":\"\n\n<h1><span style=\\\"color: white;font-weight:bold;\\\">Mystery Room<sup>\\u00ae - <\\\/sup>escape rooms<\\\/span><\\\/h1>\",\"text_align\":\"center\",\"title_element\":\"h1\"}},{\"type\":\"quotation\",\"props\":{\"author\":\"Berlingske\",\"content\":\"\n\n<p><span>\\u201cEMMER AF OVERSKUD OG SANS FOR DETALJEN\\u201d<\\\/span><\\\/p>\",\"css\":\".el-element {\\n    display: inline-block;\\n    color: #fff;\\n    background-color: #25A584;\\n    text-transform: uppercase;\\n    letter-spacing: 2.5px;\\n    text-decoration: none;\\n    font-style: italic;\\n    padding: 15px 20px;\\n    border-radius: 3px;\\n    font-size: 16px;\\n    margin: 5px;\\n}\"}},{\"type\":\"quotation\",\"props\":{\"author\":\"WEEKENDAVISEN\",\"content\":\"\n\n<p><span>\\u201cGENIALT G\\u00c5DERUM\\u201d<\\\/span><\\\/p>\",\"css\":\".el-element {\\n    display: inline-block;\\n    color: #fff;\\n    background-color: #25A584;\\n    text-transform: uppercase;\\n    letter-spacing: 2.5px;\\n    text-decoration: none;\\n    font-style: italic;\\n    padding: 15px 20px;\\n    border-radius: 3px;\\n    font-size: 16px;\\n    margin: 5px;\\n}\"}},{\"type\":\"quotation\",\"props\":{\"author\":\"POLITIKEN\",\"content\":\"\n\n<p><span>\\u201cUDFORDRENDE OG SP\\u00c6NDENDE\\u201d<\\\/span><\\\/p>\",\"css\":\".el-element {\\n    display: inline-block;\\n    color: #fff;\\n    background-color: #25A584;\\n    text-transform: uppercase;\\n    letter-spacing: 2.5px;\\n    text-decoration: none;\\n    font-style: italic;\\n    padding: 15px 20px;\\n    border-radius: 3px;\\n    font-size: 16px;\\n    margin: 5px;\\n}\"}}]}]}]},{\"type\":\"section\",\"props\":{\"id\":\"info\",\"image_position\":\"center-center\",\"padding_remove_top\":false,\"style\":\"default\",\"title_breakpoint\":\"xl\",\"title_position\":\"top-left\",\"title_rotation\":\"left\",\"vertical_align\":\"\",\"width\":\"default\"},\"children\":[{\"type\":\"row\",\"props\":{\"width\":\"default\"},\"children\":[{\"type\":\"column\",\"props\":{\"image_position\":\"center-center\",\"position_sticky_breakpoint\":\"m\"},\"children\":[{\"type\":\"grid\",\"props\":{\"content_column_breakpoint\":\"m\",\"content_margin\":\"remove\",\"css\":\".el-meta{\\n    font-size: 14px;\\n    font-weight: 600;}\",\"filter_align\":\"left\",\"filter_all\":true,\"filter_grid_breakpoint\":\"m\",\"filter_grid_width\":\"auto\",\"filter_position\":\"top\",\"filter_style\":\"tab\",\"grid_column_gap\":\"small\",\"grid_default\":\"4\",\"grid_large\":\"4\",\"grid_medium\":\"\",\"grid_row_gap\":\"small\",\"grid_xlarge\":\"4\",\"icon_color\":\"warning\",\"icon_width\":\"40\",\"image_align\":\"top\",\"image_grid_breakpoint\":\"\",\"image_grid_column_gap\":\"small\",\"image_grid_width\":\"auto\",\"image_link\":false,\"image_svg_color\":\"emphasis\",\"image_svg_inline\":true,\"item_animation\":true,\"lightbox_bg_close\":true,\"link_style\":\"default\",\"link_text\":\"\",\"margin\":\"default\",\"meta_align\":\"below-title\",\"meta_color\":\"emphasis\",\"meta_element\":\"div\",\"meta_margin\":\"small\",\"meta_style\":\"text-meta\",\"panel_link\":true,\"panel_link_hover\":\"true\",\"panel_padding\":\"default\",\"panel_style\":\"card-default\",\"parallax_easing\":\"1\",\"show_content\":true,\"show_hover_image\":true,\"show_hover_video\":true,\"show_image\":true,\"show_link\":true,\"show_meta\":true,\"show_title\":true,\"show_video\":true,\"text_align\":\"center\",\"title_align\":\"top\",\"title_element\":\"div\",\"title_grid_breakpoint\":\"m\",\"title_grid_width\":\"small\",\"title_hover_style\":\"reset\",\"title_link\":false,\"title_margin\":\"small\",\"title_style\":\"h3\"},\"children\":[{\"type\":\"grid_item\",\"props\":{\"_condition\":true,\"content\":\"\",\"icon\":\"users\",\"image\":\"\",\"meta\":\"4 \\u2013 69 deltagere\"}},{\"type\":\"grid_item\",\"props\":{\"_condition\":true,\"content\":\"\",\"icon\":\"clock\",\"image\":\"\",\"meta\":\" 60 min.\"}},{\"type\":\"grid_item\",\"props\":{\"_condition\":true,\"content\":\"\",\"icon\":\"location\",\"image\":\"\",\"meta\":\"K\\u00f8benhavn K\"}},{\"type\":\"grid_item\",\"props\":{\"_condition\":true,\"content\":\"\",\"icon\":\"credit-card\",\"image\":\"\",\"meta\":\"Fra 249 DKK p.p.\"}}]}]}]},{\"type\":\"row\",\"props\":{\"layout\":\"1-2,1-2\"},\"children\":[{\"type\":\"column\",\"props\":{\"image_position\":\"center-center\",\"position_sticky_breakpoint\":\"m\",\"width_medium\":\"1-2\"},\"children\":[{\"type\":\"text\",\"props\":{\"column_breakpoint\":\"m\",\"content\":\"\n\n<p><span><strong>En adrenalinfyldt kamp mod tiden<\\\/strong><\\\/span><\\\/p>\\n\n\n<p><span>Du og dit team bliver l\\u00e5st inde i et mystisk rum. I m\\u00e5 bruge kommunikation, teamwork og tankekraft for at slippe ud. I har 60 minutter til at l\\u00f8se g\\u00e5derne og kn\\u00e6kke koderne.<\\\/span><\\\/p>\\n\n\n<p><span aria-label=\\\"\\\" class=\\\"c-mrkdwn__br\\\" data-stringify-type=\\\"paragraph-break\\\"><\\\/span><span>Oplevelsen afrundes med v\\u00e6rdifuld feedback fra Gamemasteren, der stiller skarpt p\\u00e5 jeres styrker som problemknusere.<\\\/span><\\\/p>\",\"margin\":\"default\"}}]},{\"type\":\"column\",\"props\":{\"image_position\":\"center-center\",\"position_sticky_breakpoint\":\"m\",\"width_medium\":\"1-2\"},\"children\":[{\"type\":\"text\",\"props\":{\"column_breakpoint\":\"m\",\"content\":\"\n\n<div class=\\\"uk-panel uk-margin\\\" data-id=\\\"page#2-0-0-1\\\" data-element=\\\"\\\">\\n\n\n<p><span>Har du ogs\\u00e5 brug for en digital detox? Mystery Room er en 100% analog oplevelse, hvor menneskeligt n\\u00e6rv\\u00e6r er i fokus. Genopdag gl\\u00e6den ved en smuk, gammeldags skrivemaskine, og lad telefonerne blive i lommen mens I l\\u00f8ser mysterierne omkring jer.<\\\/span><\\\/p>\\n<\\\/div>\\n\n\n<div class=\\\"uk-panel uk-margin\\\" data-id=\\\"page#2-0-0-2\\\" data-element=\\\"\\\">\\n\n\n<p><span>Mystery Makers skabte det f\\u00f8rste skandinaviske<\\\/span><a href=\\\"https:\\\/\\\/mysterymakers.dk\\\/om-mystery-room\\\/the-lab\\\/\\\"><span>\\u00a0<\\\/span>escape room<\\\/a><span>\\u00a0i 2014. Vi kalder oplevelsen Mystery Room.<\\\/span><\\\/p>\\n<\\\/div>\",\"margin\":\"default\"}}]}]}],\"name\":\"info\"},{\"type\":\"section\",\"props\":{\"animation\":\"scale-up\",\"animation_delay\":\"100\",\"image_position\":\"center-center\",\"style\":\"muted\",\"title_breakpoint\":\"xl\",\"title_position\":\"top-left\",\"title_rotation\":\"left\",\"vertical_align\":\"\",\"width\":\"large\"},\"children\":[{\"type\":\"row\",\"children\":[{\"type\":\"column\",\"props\":{\"image_position\":\"center-center\",\"position_sticky_breakpoint\":\"m\"},\"children\":[{\"type\":\"panel\",\"props\":{\"content\":\"\n\n<p>I er testpersoner i et mystisk eksperiment. Kan I l\\u00f8se g\\u00e5den og vinde friheden tilbage?<br \\\/>The Lab kan spilles af 27 personer p\\u00e5 \\u00e9n gang. I bliver inddelt i grupper og k\\u00e6mper ikke kun mod tiden, men mod de andre hold.<br \\\/><br \\\/><a href=\\\"https:\\\/\\\/mysterymakers.dk\\\/om-mystery-room\\\/the-lab\\\/#book-thelab\\\" class=\\\"el-link uk-button uk-button-primary\\\">Book nu<\\\/a> <a href=\\\"https:\\\/\\\/mysterymakers.dk\\\/om-mystery-room\\\/the-lab\\\/\\\" class=\\\"el-link uk-button uk-button-default\\\">L\\u00e6s mere<\\\/a><\\\/p>\",\"content_column_breakpoint\":\"m\",\"content_dropcap\":false,\"icon_width\":80,\"image\":\"wp-content\\\/uploads\\\/2024\\\/04\\\/lab.jpeg\",\"image_align\":\"left\",\"image_alt\":\"mystery makers\",\"image_grid_breakpoint\":\"m\",\"image_grid_width\":\"1-2\",\"image_svg_color\":\"emphasis\",\"image_vertical_align\":true,\"link_style\":\"default\",\"link_text\":\"L\\u00e6s mere her\",\"margin\":\"default\",\"meta\":\"ESCAPE RATE: 80%\",\"meta_align\":\"below-title\",\"meta_element\":\"div\",\"meta_style\":\"text-meta\",\"panel_expand\":\"image\",\"panel_image_no_padding\":true,\"panel_padding\":\"default\",\"panel_style\":\"card-default\",\"title\":\"The Lab\\u2122\",\"title_align\":\"top\",\"title_element\":\"h3\",\"title_grid_breakpoint\":\"m\",\"title_grid_width\":\"1-2\",\"title_hover_style\":\"reset\",\"title_style\":\"h3\"}},{\"type\":\"panel\",\"props\":{\"content\":\"\n\n<p>En magtfuld loge har dystre planer. Kan I l\\u00f8se mysteriet og stoppe dem f\\u00f8r tiden l\\u00f8ber ud?<br \\\/>The Ritual kan spilles af 18 personer p\\u00e5 \\u00e9n gang. I inddeles i to grupper og k\\u00e6mper ikke kun mod tiden, men mod det andet hold.<\\\/p>\\n\n\n<p><a href=\\\"https:\\\/\\\/mysterymakers.dk\\\/om-mystery-room\\\/the-ritual\\\/#book-theritual\\\" class=\\\"el-link uk-button uk-button-primary\\\">Book nu<\\\/a> <a href=\\\"https:\\\/\\\/mysterymakers.dk\\\/om-mystery-room\\\/the-ritual\\\/\\\" class=\\\"el-link uk-button uk-button-default\\\">L\\u00e6s mere<\\\/a><\\\/p>\",\"content_column_breakpoint\":\"m\",\"content_dropcap\":false,\"icon_width\":80,\"image\":\"wp-content\\\/uploads\\\/2024\\\/04\\\/rit.jpeg\",\"image_align\":\"left\",\"image_alt\":\"mystery room\",\"image_grid_breakpoint\":\"m\",\"image_grid_width\":\"1-2\",\"image_svg_color\":\"emphasis\",\"image_vertical_align\":true,\"link_style\":\"default\",\"link_text\":\"\",\"margin\":\"default\",\"meta\":\"ESCAPE RATE: 70%\",\"meta_align\":\"below-title\",\"meta_element\":\"div\",\"meta_style\":\"text-meta\",\"panel_expand\":\"image\",\"panel_image_no_padding\":true,\"panel_padding\":\"default\",\"panel_style\":\"card-default\",\"title\":\"The Ritual\\u2122\",\"title_align\":\"top\",\"title_element\":\"h3\",\"title_grid_breakpoint\":\"m\",\"title_grid_width\":\"1-2\",\"title_hover_style\":\"reset\",\"title_style\":\"h3\"}},{\"type\":\"panel\",\"props\":{\"content\":\"\n\n<p><span>I er fanget i en mystisk k\\u00e6lder. Kan I kn\\u00e6kke koden og slippe ud med livet i behold?<\\\/span><br aria-hidden=\\\"true\\\" \\\/><span>The Crime Scene kan spilles af 14 personer p\\u00e5 \\u00e9n gang. I bliver inddelt i to grupper og m\\u00e5 f\\u00f8rst finde hinanden for at undslippe \\u2013 sammen.<\\\/span><\\\/p>\\n\n\n<p><a href=\\\"https:\\\/\\\/mysterymakers.dk\\\/om-mystery-room\\\/the-killing-room\\\/#book-thekillingroom\\\" class=\\\"el-link uk-button uk-button-primary\\\">Book nu<\\\/a> <a href=\\\"https:\\\/\\\/mysterymakers.dk\\\/om-mystery-room\\\/the-killing-room\\\/\\\" class=\\\"el-link uk-button uk-button-default\\\">L\\u00e6s mere<\\\/a><\\\/p>\",\"content_column_breakpoint\":\"m\",\"content_dropcap\":false,\"icon_width\":80,\"image\":\"wp-content\\\/uploads\\\/2024\\\/04\\\/kill.jpg\",\"image_align\":\"left\",\"image_alt\":\"mystery room kill\",\"image_grid_breakpoint\":\"m\",\"image_grid_width\":\"1-2\",\"image_svg_color\":\"emphasis\",\"image_vertical_align\":true,\"link_style\":\"default\",\"link_text\":\"L\\u00e6s mere her\",\"margin\":\"default\",\"meta\":\"ESCAPE RATE: 60%\",\"meta_align\":\"below-title\",\"meta_element\":\"div\",\"meta_style\":\"text-meta\",\"panel_expand\":\"image\",\"panel_image_no_padding\":true,\"panel_padding\":\"default\",\"panel_style\":\"card-default\",\"title\":\"The Crime Scene\\u2122\",\"title_align\":\"top\",\"title_element\":\"h3\",\"title_grid_breakpoint\":\"m\",\"title_grid_width\":\"1-2\",\"title_hover_style\":\"reset\",\"title_style\":\"h3\"}},{\"type\":\"panel\",\"props\":{\"content\":\"\n\n<p><span>Tager du samarbejde seri\\u00f8st? <br \\\/>Det gode samarbejde er afg\\u00f8rende for teamets succes og arbejdsgl\\u00e6de.\\u00a0Tag jeres\\u00a0samarbejde til et nyt\\u00a0niveau med en sjov og interaktiv tilgang. En tur i\\u00a0Mystery Room er ikke kun en oplevelse fyldt med grin og jubel, men ogs\\u00e5 en unik mulighed for at styrke jeres team gennem legende samarbejdstr\\u00e6ning.\\u00a0<br \\\/><br \\\/><\\\/span><a href=\\\"https:\\\/\\\/mysterymakers.dk\\\/teamudvikling\\\/\\\" class=\\\"el-link uk-button uk-button-primary\\\">L\\u00e6s mere<\\\/a><\\\/p>\",\"content_column_breakpoint\":\"m\",\"content_dropcap\":false,\"icon_width\":80,\"image\":\"wp-content\\\/uploads\\\/2024\\\/04\\\/team.jpeg\",\"image_align\":\"left\",\"image_alt\":\"teamudvikling\",\"image_grid_breakpoint\":\"m\",\"image_grid_width\":\"1-2\",\"image_svg_color\":\"emphasis\",\"image_vertical_align\":true,\"link_style\":\"default\",\"link_text\":\"L\\u00e6s mere her\",\"margin\":\"default\",\"meta\":\"Tilvalg til Mystery Room\",\"meta_align\":\"below-title\",\"meta_element\":\"div\",\"meta_style\":\"text-meta\",\"panel_expand\":\"image\",\"panel_image_no_padding\":true,\"panel_padding\":\"default\",\"panel_style\":\"card-default\",\"title\":\"Teamudvikling\",\"title_align\":\"top\",\"title_element\":\"h3\",\"title_grid_breakpoint\":\"m\",\"title_grid_width\":\"1-2\",\"title_hover_style\":\"reset\",\"title_style\":\"h3\"}}]}]}],\"name\":\"panel med mysteryroom\"}],\"version\":\"4.5.31\"} --><\/p>\n","protected":false},"excerpt":{"rendered":"<p>Mystery Room\u00ae &#8211; escape rooms \u201cEMMER AF OVERSKUD OG SANS FOR DETALJEN\u201d Berlingske \u201cGENIALT G\u00c5DERUM\u201d WEEKENDAVISEN \u201cUDFORDRENDE OG SP\u00c6NDENDE\u201d POLITIKEN 4 \u2013 69 deltagere 60 min. K\u00f8benhavn K Fra 249 DKK p.p. En adrenalinfyldt kamp mod tiden Du og dit team bliver l\u00e5st inde i et mystisk rum. I m\u00e5 bruge kommunikation, teamwork og tankekraft [&hellip;]<\/p>\n","protected":false},"author":1,"featured_media":0,"parent":0,"menu_order":0,"comment_status":"closed","ping_status":"open","template":"","meta":{"footnotes":""},"class_list":["post-2","page","type-page","status-publish","hentry"],"yoast_head":"<!-- This site is optimized with the Yoast SEO plugin v19.8 - https:\/\/yoast.com\/wordpress\/plugins\/seo\/ -->\n<title>Mystery Room - F\u00f8rste og bedste Escape Rooms i K\u00f8benhavn<\/title>\n<meta name=\"robots\" content=\"index, follow, max-snippet:-1, max-image-preview:large, max-video-preview:-1\" \/>\n<link rel=\"canonical\" href=\"https:\/\/mysteryroom.dk\/\" \/>\n<meta property=\"og:locale\" content=\"da_DK\" \/>\n<meta property=\"og:type\" content=\"article\" \/>\n<meta property=\"og:title\" content=\"Mystery Room - F\u00f8rste og bedste Escape Rooms i K\u00f8benhavn\" \/>\n<meta property=\"og:description\" content=\"Mystery Room\u00ae &#8211; escape rooms \u201cEMMER AF OVERSKUD OG SANS FOR DETALJEN\u201d Berlingske \u201cGENIALT G\u00c5DERUM\u201d WEEKENDAVISEN \u201cUDFORDRENDE OG SP\u00c6NDENDE\u201d POLITIKEN 4 \u2013 69 deltagere 60 min. K\u00f8benhavn K Fra 249 DKK p.p. En adrenalinfyldt kamp mod tiden Du og dit team bliver l\u00e5st inde i et mystisk rum. I m\u00e5 bruge kommunikation, teamwork og tankekraft [&hellip;]\" \/>\n<meta property=\"og:url\" content=\"https:\/\/mysteryroom.dk\/\" \/>\n<meta property=\"og:site_name\" content=\"mysteryroom dk\" \/>\n<meta property=\"article:modified_time\" content=\"2025-10-24T10:40:21+00:00\" \/>\n<meta name=\"twitter:card\" content=\"summary_large_image\" \/>\n<meta name=\"twitter:label1\" content=\"Estimeret l\u00e6setid\" \/>\n\t<meta name=\"twitter:data1\" content=\"9 minutter\" \/>\n<script type=\"application\/ld+json\" class=\"yoast-schema-graph\">{\"@context\":\"https:\/\/schema.org\",\"@graph\":[{\"@type\":\"WebPage\",\"@id\":\"https:\/\/mysteryroom.dk\/\",\"url\":\"https:\/\/mysteryroom.dk\/\",\"name\":\"Mystery Room - F\u00f8rste og bedste Escape Rooms i K\u00f8benhavn\",\"isPartOf\":{\"@id\":\"https:\/\/mysteryroom.dk\/#website\"},\"datePublished\":\"2022-08-08T07:07:06+00:00\",\"dateModified\":\"2025-10-24T10:40:21+00:00\",\"breadcrumb\":{\"@id\":\"https:\/\/mysteryroom.dk\/#breadcrumb\"},\"inLanguage\":\"da-DK\",\"potentialAction\":[{\"@type\":\"ReadAction\",\"target\":[\"https:\/\/mysteryroom.dk\/\"]}]},{\"@type\":\"BreadcrumbList\",\"@id\":\"https:\/\/mysteryroom.dk\/#breadcrumb\",\"itemListElement\":[{\"@type\":\"ListItem\",\"position\":1,\"name\":\"Hjem\",\"item\":\"https:\/\/mysteryroom.dk\/\"},{\"@type\":\"ListItem\",\"position\":2,\"name\":\"Forside\"}]},{\"@type\":\"WebSite\",\"@id\":\"https:\/\/mysteryroom.dk\/#website\",\"url\":\"https:\/\/mysteryroom.dk\/\",\"name\":\"mysteryroom dk\",\"description\":\"Just another WordPress site\",\"potentialAction\":[{\"@type\":\"SearchAction\",\"target\":{\"@type\":\"EntryPoint\",\"urlTemplate\":\"https:\/\/mysteryroom.dk\/?s={search_term_string}\"},\"query-input\":\"required name=search_term_string\"}],\"inLanguage\":\"da-DK\"}]}<\/script>\n<!-- \/ Yoast SEO plugin. -->","yoast_head_json":{"title":"Mystery Room - F\u00f8rste og bedste Escape Rooms i K\u00f8benhavn","robots":{"index":"index","follow":"follow","max-snippet":"max-snippet:-1","max-image-preview":"max-image-preview:large","max-video-preview":"max-video-preview:-1"},"canonical":"https:\/\/mysteryroom.dk\/","og_locale":"da_DK","og_type":"article","og_title":"Mystery Room - F\u00f8rste og bedste Escape Rooms i K\u00f8benhavn","og_description":"Mystery Room\u00ae &#8211; escape rooms \u201cEMMER AF OVERSKUD OG SANS FOR DETALJEN\u201d Berlingske \u201cGENIALT G\u00c5DERUM\u201d WEEKENDAVISEN \u201cUDFORDRENDE OG SP\u00c6NDENDE\u201d POLITIKEN 4 \u2013 69 deltagere 60 min. K\u00f8benhavn K Fra 249 DKK p.p. En adrenalinfyldt kamp mod tiden Du og dit team bliver l\u00e5st inde i et mystisk rum. I m\u00e5 bruge kommunikation, teamwork og tankekraft [&hellip;]","og_url":"https:\/\/mysteryroom.dk\/","og_site_name":"mysteryroom dk","article_modified_time":"2025-10-24T10:40:21+00:00","twitter_card":"summary_large_image","twitter_misc":{"Estimeret l\u00e6setid":"9 minutter"},"schema":{"@context":"https:\/\/schema.org","@graph":[{"@type":"WebPage","@id":"https:\/\/mysteryroom.dk\/","url":"https:\/\/mysteryroom.dk\/","name":"Mystery Room - F\u00f8rste og bedste Escape Rooms i K\u00f8benhavn","isPartOf":{"@id":"https:\/\/mysteryroom.dk\/#website"},"datePublished":"2022-08-08T07:07:06+00:00","dateModified":"2025-10-24T10:40:21+00:00","breadcrumb":{"@id":"https:\/\/mysteryroom.dk\/#breadcrumb"},"inLanguage":"da-DK","potentialAction":[{"@type":"ReadAction","target":["https:\/\/mysteryroom.dk\/"]}]},{"@type":"BreadcrumbList","@id":"https:\/\/mysteryroom.dk\/#breadcrumb","itemListElement":[{"@type":"ListItem","position":1,"name":"Hjem","item":"https:\/\/mysteryroom.dk\/"},{"@type":"ListItem","position":2,"name":"Forside"}]},{"@type":"WebSite","@id":"https:\/\/mysteryroom.dk\/#website","url":"https:\/\/mysteryroom.dk\/","name":"mysteryroom dk","description":"Just another WordPress site","potentialAction":[{"@type":"SearchAction","target":{"@type":"EntryPoint","urlTemplate":"https:\/\/mysteryroom.dk\/?s={search_term_string}"},"query-input":"required name=search_term_string"}],"inLanguage":"da-DK"}]}},"_links":{"self":[{"href":"https:\/\/mysteryroom.dk\/index.php?rest_route=\/wp\/v2\/pages\/2","targetHints":{"allow":["GET"]}}],"collection":[{"href":"https:\/\/mysteryroom.dk\/index.php?rest_route=\/wp\/v2\/pages"}],"about":[{"href":"https:\/\/mysteryroom.dk\/index.php?rest_route=\/wp\/v2\/types\/page"}],"author":[{"embeddable":true,"href":"https:\/\/mysteryroom.dk\/index.php?rest_route=\/wp\/v2\/users\/1"}],"replies":[{"embeddable":true,"href":"https:\/\/mysteryroom.dk\/index.php?rest_route=%2Fwp%2Fv2%2Fcomments&post=2"}],"version-history":[{"count":41,"href":"https:\/\/mysteryroom.dk\/index.php?rest_route=\/wp\/v2\/pages\/2\/revisions"}],"predecessor-version":[{"id":75,"href":"https:\/\/mysteryroom.dk\/index.php?rest_route=\/wp\/v2\/pages\/2\/revisions\/75"}],"wp:attachment":[{"href":"https:\/\/mysteryroom.dk\/index.php?rest_route=%2Fwp%2Fv2%2Fmedia&parent=2"}],"curies":[{"name":"wp","href":"https:\/\/api.w.org\/{rel}","templated":true}]}}